{"id":16400,"date":"2013-10-16T12:05:38","date_gmt":"2013-10-16T12:05:38","guid":{"rendered":"http:\/\/cfo.doverforensics.ca\/fr\/contact\/"},"modified":"2015-10-15T15:55:19","modified_gmt":"2015-10-15T15:55:19","slug":"coordonnees","status":"publish","type":"page","link":"https:\/\/cfo.doverforensics.ca\/fr\/coordonnees\/","title":{"rendered":"COORDONN\u00c9ES"},"content":{"rendered":"<div class=\"wpb-content-wrapper\"><p>[vc_row row_type=\u00a0\u00bbrow\u00a0\u00bb use_row_as_full_screen_section=\u00a0\u00bbno\u00a0\u00bb type=\u00a0\u00bbfull_width\u00a0\u00bb parallax_content_width=\u00a0\u00bbin_grid\u00a0\u00bb angled_section=\u00a0\u00bbno\u00a0\u00bb angled_section_position=\u00a0\u00bbboth\u00a0\u00bb angled_section_direction=\u00a0\u00bbfrom_left_to_right\u00a0\u00bb text_align=\u00a0\u00bbleft\u00a0\u00bb background_image_as_pattern=\u00a0\u00bbwithout_pattern\u00a0\u00bb row_negative_margin=\u00a0\u00bb\u00a0\u00bb][vc_column width=\u00a0\u00bb1\/1&Prime;][vc_column_text]<br \/>\n[\/vc_column_text][\/vc_column][vc_row_inner row_type=\u00a0\u00bbrow\u00a0\u00bb use_as_box=\u00a0\u00bb\u00a0\u00bb type=\u00a0\u00bbfull_width\u00a0\u00bb text_align=\u00a0\u00bbleft\u00a0\u00bb row_negative_margin=\u00a0\u00bbdisable_negative_margin\u00a0\u00bb][vc_column_inner width=\u00a0\u00bb1\/2&Prime; css=\u00a0\u00bb.vc_custom_1440249768151{padding-top: 50px !important;padding-right: 25px !important;padding-bottom: 40px !important;padding-left: 40px !important;}\u00a0\u00bb el_class=\u00a0\u00bbOfficeaddress-col\u00a0\u00bb][vc_column_text css=\u00a0\u00bb.vc_custom_1444923705307{padding-right: 40px !important;padding-left: 40px !important;}\u00a0\u00bb]<\/p>\n<p style=\"text-align: center;\">Nous sommes pr\u00e9sents \u00e0 Toronto et Montr\u00e9al et op\u00e9rons avec aisance en fran\u00e7ais et en anglais<em>.\u00a0 <\/em><\/p>\n<p style=\"text-align: center;\">Au service des clients du Canada, des \u00c9tats-Unis, de l\u2019Angleterre, de la France et des \u00c9mirats Arabes Unis.<\/p>\n<p>[\/vc_column_text][vc_column_text css=\u00a0\u00bb.vc_custom_1444923723345{margin-top: 20px !important;}\u00a0\u00bb]<\/p>\n<h1 style=\"text-align: center;\">NOS BUREAUX<\/h1>\n<p>[\/vc_column_text][vc_separator type=\u00a0\u00bbsmall\u00a0\u00bb position=\u00a0\u00bbcenter\u00a0\u00bb width_in_percentages=\u00a0\u00bb\u00a0\u00bb][vc_column_text]<\/p>\n<p style=\"text-align: center;\"><strong>Adresse\u00a0:<\/strong> 20 Bay St., 11<sup>e<\/sup> \u00e9tage, Toronto (Ontario) M5J 2N8<br \/>\n<strong>T\u00e9l\u00e9phone\u00a0:<\/strong> 1 416 465-4084<br \/>\n<strong>T\u00e9l\u00e9copieur\u00a0:<\/strong> 1 888 973-6220<\/p>\n<p>[\/vc_column_text]\n<div class=\"wpcf7 no-js\" id=\"wpcf7-f16404-o1\" lang=\"en-US\" dir=\"ltr\" data-wpcf7-id=\"16404\">\n<div class=\"screen-reader-response\"><p role=\"status\" aria-live=\"polite\" aria-atomic=\"true\"><\/p> <ul><\/ul><\/div>\n<form action=\"\/fr\/wp-json\/wp\/v2\/pages\/16400#wpcf7-f16404-o1\" method=\"post\" class=\"wpcf7-form init cf7_custom_style_1\" aria-label=\"Contact form\" novalidate=\"novalidate\" data-status=\"init\">\n<fieldset class=\"hidden-fields-container\"><input type=\"hidden\" name=\"_wpcf7\" value=\"16404\" \/><input type=\"hidden\" name=\"_wpcf7_version\" value=\"6.1.5\" \/><input type=\"hidden\" name=\"_wpcf7_locale\" value=\"en_US\" \/><input type=\"hidden\" name=\"_wpcf7_unit_tag\" value=\"wpcf7-f16404-o1\" \/><input type=\"hidden\" name=\"_wpcf7_container_post\" value=\"0\" \/><input type=\"hidden\" name=\"_wpcf7_posted_data_hash\" value=\"\" \/>\n<\/fieldset>\n<p><strong>Pr\u00e9nom (obligatoire)<\/strong>\n<\/p>\n<p><span class=\"wpcf7-form-control-wrap\" data-name=\"FirstName\"><input size=\"40\" maxlength=\"400\" class=\"wpcf7-form-control wpcf7-text wpcf7-validates-as-required\" aria-required=\"true\" aria-invalid=\"false\" value=\"\" type=\"text\" name=\"FirstName\" \/><\/span>\n<\/p>\n<p><strong>Nom (obligatoire) <\/strong><br \/>\n<span class=\"wpcf7-form-control-wrap\" data-name=\"LastName\"><input size=\"40\" maxlength=\"400\" class=\"wpcf7-form-control wpcf7-text wpcf7-validates-as-required\" aria-required=\"true\" aria-invalid=\"false\" value=\"\" type=\"text\" name=\"LastName\" \/><\/span>\n<\/p>\n<p><strong>Courriel (obligatoire)<\/strong>\n<\/p>\n<p><span class=\"wpcf7-form-control-wrap\" data-name=\"email\"><input size=\"40\" maxlength=\"400\" class=\"wpcf7-form-control wpcf7-email wpcf7-validates-as-required wpcf7-text wpcf7-validates-as-email\" aria-required=\"true\" aria-invalid=\"false\" value=\"\" type=\"email\" name=\"email\" \/><\/span>\n<\/p>\n<p><strong>No de t\u00e9l\u00e9phone (obligatoire)<\/strong>\n<\/p>\n<p><span class=\"wpcf7-form-control-wrap\" data-name=\"PhoneNumber\"><input size=\"40\" maxlength=\"400\" class=\"wpcf7-form-control wpcf7-tel wpcf7-validates-as-required wpcf7-text wpcf7-validates-as-tel\" aria-required=\"true\" aria-invalid=\"false\" value=\"\" type=\"tel\" name=\"PhoneNumber\" \/><\/span>\n<\/p>\n<p><strong>Message<\/strong>\n<\/p>\n<p><span class=\"wpcf7-form-control-wrap\" data-name=\"Comments\"><textarea cols=\"40\" rows=\"10\" maxlength=\"2000\" class=\"wpcf7-form-control wpcf7-textarea wpcf7-validates-as-required\" aria-required=\"true\" aria-invalid=\"false\" name=\"Comments\"><\/textarea><\/span>\n<\/p>\n<p><input class=\"wpcf7-form-control wpcf7-submit has-spinner\" type=\"submit\" value=\"SOUMETTRE\" \/>\n<\/p><div class=\"wpcf7-response-output\" aria-hidden=\"true\"><\/div>\n<\/form>\n<\/div>\n[\/vc_column_inner][vc_column_inner width=\u00a0\u00bb1\/2&Prime; css=\u00a0\u00bb.vc_custom_1436623510091{padding-left: 0px !important;}\u00a0\u00bb]<div class='google_map_shortcode_holder' style='height:600px;'><div class='qode_google_map' style='height:600px;' id='map_canvas_26183' data-addresses='[\"20 Bay St., 11th floor, Toronto, ON, M5J 2N8\"]' data-custom-map-style='false' data-color-overlay='#393939' data-saturation='-100' data-lightness='-60' data-zoom='15' data-pin='https:\/\/cfo.doverforensics.ca\/wp-content\/uploads\/2015\/07\/pin2.png' data-unique-id='26183' data-google-maps-scroll-wheel='true' data-map-height='600'><\/div><\/div>[\/vc_column_inner][\/vc_row_inner][\/vc_row][vc_row row_type=\u00a0\u00bbrow\u00a0\u00bb use_row_as_full_screen_section=\u00a0\u00bbno\u00a0\u00bb type=\u00a0\u00bbgrid\u00a0\u00bb parallax_content_width=\u00a0\u00bbin_grid\u00a0\u00bb angled_section=\u00a0\u00bbno\u00a0\u00bb angled_section_position=\u00a0\u00bbboth\u00a0\u00bb angled_section_direction=\u00a0\u00bbfrom_left_to_right\u00a0\u00bb text_align=\u00a0\u00bbleft\u00a0\u00bb background_image_as_pattern=\u00a0\u00bbwithout_pattern\u00a0\u00bb row_negative_margin=\u00a0\u00bb\u00a0\u00bb][vc_column width=\u00a0\u00bb1\/4&Prime;][vc_column_text]<br \/>\n[\/vc_column_text][\/vc_column][vc_column width=\u00a0\u00bb1\/2&Prime;][vc_column_text]<br \/>\n[\/vc_column_text][\/vc_column][vc_column width=\u00a0\u00bb1\/4&Prime;][vc_column_text]<br \/>\n[\/vc_column_text][\/vc_column][\/vc_row]<\/p>\n<\/div>","protected":false},"excerpt":{"rendered":"<p>[vc_row row_type=\u00a0\u00bbrow\u00a0\u00bb use_row_as_full_screen_section=\u00a0\u00bbno\u00a0\u00bb type=\u00a0\u00bbfull_width\u00a0\u00bb parallax_content_width=\u00a0\u00bbin_grid\u00a0\u00bb angled_section=\u00a0\u00bbno\u00a0\u00bb angled_section_position=\u00a0\u00bbboth\u00a0\u00bb angled_section_direction=\u00a0\u00bbfrom_left_to_right\u00a0\u00bb text_align=\u00a0\u00bbleft\u00a0\u00bb background_image_as_pattern=\u00a0\u00bbwithout_pattern\u00a0\u00bb row_negative_margin=\u00a0\u00bb\u00a0\u00bb][vc_column width=\u00a0\u00bb1\/1&Prime;][vc_column_text] [\/vc_column_text][\/vc_column][vc_row_inner row_type=\u00a0\u00bbrow\u00a0\u00bb use_as_box=\u00a0\u00bb\u00a0\u00bb type=\u00a0\u00bbfull_width\u00a0\u00bb text_align=\u00a0\u00bbleft\u00a0\u00bb row_negative_margin=\u00a0\u00bbdisable_negative_margin\u00a0\u00bb][vc_column_inner width=\u00a0\u00bb1\/2&Prime; css=\u00a0\u00bb.vc_custom_1440249768151{padding-top: 50px !important;padding-right: 25px !important;padding-bottom: 40px !important;padding-left: 40px !important;}\u00a0\u00bb el_class=\u00a0\u00bbOfficeaddress-col\u00a0\u00bb][vc_column_text css=\u00a0\u00bb.vc_custom_1444923705307{padding-right: 40px !important;padding-left: 40px !important;}\u00a0\u00bb] Nous sommes pr\u00e9sents \u00e0 Toronto et Montr\u00e9al et op\u00e9rons avec aisance&#8230;<\/p>\n","protected":false},"author":3,"featured_media":0,"parent":0,"menu_order":0,"comment_status":"open","ping_status":"open","template":"full_width.php","meta":{"footnotes":""},"class_list":["post-16400","page","type-page","status-publish","hentry"],"_links":{"self":[{"href":"https:\/\/cfo.doverforensics.ca\/fr\/wp-json\/wp\/v2\/pages\/16400","targetHints":{"allow":["GET"]}}],"collection":[{"href":"https:\/\/cfo.doverforensics.ca\/fr\/wp-json\/wp\/v2\/pages"}],"about":[{"href":"https:\/\/cfo.doverforensics.ca\/fr\/wp-json\/wp\/v2\/types\/page"}],"author":[{"embeddable":true,"href":"https:\/\/cfo.doverforensics.ca\/fr\/wp-json\/wp\/v2\/users\/3"}],"replies":[{"embeddable":true,"href":"https:\/\/cfo.doverforensics.ca\/fr\/wp-json\/wp\/v2\/comments?post=16400"}],"version-history":[{"count":3,"href":"https:\/\/cfo.doverforensics.ca\/fr\/wp-json\/wp\/v2\/pages\/16400\/revisions"}],"predecessor-version":[{"id":16405,"href":"https:\/\/cfo.doverforensics.ca\/fr\/wp-json\/wp\/v2\/pages\/16400\/revisions\/16405"}],"wp:attachment":[{"href":"https:\/\/cfo.doverforensics.ca\/fr\/wp-json\/wp\/v2\/media?parent=16400"}],"curies":[{"name":"wp","href":"https:\/\/api.w.org\/{rel}","templated":true}]}}