{"id":16397,"date":"2015-07-10T19:07:18","date_gmt":"2015-07-10T19:07:18","guid":{"rendered":"http:\/\/cfo.doverforensics.ca\/fr\/about-us\/"},"modified":"2016-04-04T23:59:46","modified_gmt":"2016-04-04T23:59:46","slug":"a-propos","status":"publish","type":"page","link":"https:\/\/cfo.doverforensics.ca\/fr\/a-propos\/","title":{"rendered":"\u00c0 PROPOS"},"content":{"rendered":"<div class=\"wpb-content-wrapper\"><p>[vc_row row_type=\u00a0\u00bbrow\u00a0\u00bb use_row_as_full_screen_section=\u00a0\u00bbno\u00a0\u00bb type=\u00a0\u00bbgrid\u00a0\u00bb parallax_content_width=\u00a0\u00bbin_grid\u00a0\u00bb angled_section=\u00a0\u00bbno\u00a0\u00bb angled_section_position=\u00a0\u00bbboth\u00a0\u00bb angled_section_direction=\u00a0\u00bbfrom_left_to_right\u00a0\u00bb text_align=\u00a0\u00bbleft\u00a0\u00bb background_image_as_pattern=\u00a0\u00bbwithout_pattern\u00a0\u00bb row_negative_margin=\u00a0\u00bb\u00a0\u00bb full_width=\u00a0\u00bb\u00a0\u00bb css=\u00a0\u00bb.vc_custom_1440248104006{margin-top: 130px !important;padding-top: 30px !important;}\u00a0\u00bb][vc_column width=\u00a0\u00bb1\/1&Prime;][vc_column_text]<\/p>\n<h1>PARCOURS PROFESSIONNEL<\/h1>\n<hr style=\"height: 2px; background-color: #39566d; width: 30%; display: inline-block;\" \/>\n<p>[\/vc_column_text][\/vc_column][\/vc_row][vc_row row_type=\u00a0\u00bbrow\u00a0\u00bb use_row_as_full_screen_section=\u00a0\u00bbno\u00a0\u00bb type=\u00a0\u00bbgrid\u00a0\u00bb parallax_content_width=\u00a0\u00bbin_grid\u00a0\u00bb angled_section=\u00a0\u00bbno\u00a0\u00bb angled_section_position=\u00a0\u00bbboth\u00a0\u00bb angled_section_direction=\u00a0\u00bbfrom_left_to_right\u00a0\u00bb text_align=\u00a0\u00bbleft\u00a0\u00bb background_image_as_pattern=\u00a0\u00bbwithout_pattern\u00a0\u00bb row_negative_margin=\u00a0\u00bb\u00a0\u00bb css=\u00a0\u00bb.vc_custom_1437666775368{padding-top: 0px !important;padding-bottom: 40px !important;}\u00a0\u00bb][vc_column width=\u00a0\u00bb1\/4&Prime;][vc_single_image image=\u00a0\u00bb16346&Prime; alignment=\u00a0\u00bbcenter\u00a0\u00bb style=\u00a0\u00bbvc_box_shadow_border\u00a0\u00bb border_color=\u00a0\u00bbgrey\u00a0\u00bb img_link_large=\u00a0\u00bb\u00a0\u00bb img_link_target=\u00a0\u00bb_self\u00a0\u00bb img_size=\u00a0\u00bbfull\u00a0\u00bb][vc_column_text]<\/p>\n<h1 style=\"font-size: 20px; padding-top: 15px; text-align: center;\">Greg Silas<\/h1>\n<p>[\/vc_column_text][\/vc_column][vc_column width=\u00a0\u00bb3\/4&Prime; css=\u00a0\u00bb.vc_custom_1440247047902{padding-top: 30px !important;}\u00a0\u00bb][vc_column_text]Greg a obtenu le titre professionnel de comptable agr\u00e9\u00e9 alors qu\u2019il \u00e9tait employ\u00e9 chez Ernst &amp; Young il y a plus de 20 ans et il a ensuite compl\u00e9t\u00e9 son MBA \u00e0 McGill.<\/p>\n<p><strong>Langues\u00a0:<\/strong> Anglais (langue maternelle), fran\u00e7ais (aisance), mandarin (interm\u00e9diaire) et allemand (base)<\/p>\n<p>&nbsp;<\/p>\n<h3>Exp\u00e9rience en direction financi\u00e8re<\/h3>\n<ul>\n<li>BoardSeat Inc. (Toronto) d\u00e9veloppement d\u2019applications et logiciels Web, directeur financier, 2011-2015<\/li>\n<li>Dover Global Management (Toronto, \u00c9mirat Arabes Unis, Afghanistan), entrepreneur militaire, directeur financier, 2009-2011<\/li>\n<li>UBB Corp. (Mississauga), mat\u00e9riaux de construction \u00e9cologique, directeur financier, 2009-2011<\/li>\n<li>Clubworks (Qu\u00e9bec, Ontario, Colorado) Hospitality, directeur financier \/ directeur g\u00e9n\u00e9ral, 2002-2009<\/li>\n<li>WF9.com (Montr\u00e9al), logiciel, chef des finances, 1999-2001<\/li>\n<\/ul>\n<p>[\/vc_column_text][\/vc_column][\/vc_row][vc_row row_type=\u00a0\u00bbrow\u00a0\u00bb use_row_as_full_screen_section=\u00a0\u00bbno\u00a0\u00bb type=\u00a0\u00bbgrid\u00a0\u00bb parallax_content_width=\u00a0\u00bbin_grid\u00a0\u00bb angled_section=\u00a0\u00bbno\u00a0\u00bb angled_section_position=\u00a0\u00bbboth\u00a0\u00bb angled_section_direction=\u00a0\u00bbfrom_left_to_right\u00a0\u00bb text_align=\u00a0\u00bbleft\u00a0\u00bb background_image_as_pattern=\u00a0\u00bbwithout_pattern\u00a0\u00bb row_negative_margin=\u00a0\u00bb\u00a0\u00bb full_width=\u00a0\u00bb\u00a0\u00bb css=\u00a0\u00bb.vc_custom_1440248666744{padding-top: 30px !important;background-color: #f9f9f9 !important;}\u00a0\u00bb][vc_column width=\u00a0\u00bb1\/1&Prime;][vc_column_text]<\/p>\n<h1>\u00c9TUDES DE CAS<\/h1>\n<hr style=\"height: 2px; background-color: #39566d; width: 30%; display: inline-block;\" \/>\n<p>[\/vc_column_text][\/vc_column][\/vc_row][vc_row row_type=\u00a0\u00bbrow\u00a0\u00bb use_row_as_full_screen_section=\u00a0\u00bbno\u00a0\u00bb type=\u00a0\u00bbgrid\u00a0\u00bb parallax_content_width=\u00a0\u00bbin_grid\u00a0\u00bb angled_section=\u00a0\u00bbno\u00a0\u00bb angled_section_position=\u00a0\u00bbboth\u00a0\u00bb angled_section_direction=\u00a0\u00bbfrom_left_to_right\u00a0\u00bb text_align=\u00a0\u00bbleft\u00a0\u00bb background_image_as_pattern=\u00a0\u00bbwithout_pattern\u00a0\u00bb row_negative_margin=\u00a0\u00bb\u00a0\u00bb full_width=\u00a0\u00bb\u00a0\u00bb css=\u00a0\u00bb.vc_custom_1440248704915{padding-bottom: 30px !important;padding-left: 30px !important;background-color: #f9f9f9 !important;}\u00a0\u00bb][vc_column width=\u00a0\u00bb1\/1&Prime;]<div class=\"q_icon_list\"><i class=\"fa fa-folder-open pull-left transparent \" style=\"color:#303030;\"><\/i><p style=\"\">2016 \u2013 Entreprise de services d\u2019ing\u00e9nierie (\u00c9mirats Arabies Unis)<br \/>\n<b> Nature : <\/b> Services de soutien et projets de construction en sol africain.<br \/>\n<b> Probl\u00e8me : <\/b> De r\u00e9centes acquisitions en capital \u00e9tranger ont men\u00e9 \u00e0 des probl\u00e8mes de consolidation et de rapports, conversion de devises, exigences du PCGR des \u00c9tats-Unis et attentes plus \u00e9lev\u00e9es en mati\u00e8re de contr\u00f4les comptables et gestion des liquidit\u00e9s.<br \/>\n<b> Solution : <\/b> Reformulation des finances, rationalisation des cl\u00f4tures mensuelles pour acc\u00e9l\u00e9rer la consolidation par la soci\u00e9t\u00e9 m\u00e8re, implantation de la comptabilit\u00e9 de projet et analyse de marge.<\/p><\/div><div class=\"q_icon_list\"><i class=\"fa fa-folder-open pull-left transparent \" style=\"color:#303030;\"><\/i><p style=\"\">2015 \u2013 Grossiste \u2013 d\u00e9taillant de v\u00eatements (Montr\u00e9al)<br \/>\n<b> Nature : <\/b> Fabricant, grossiste et d\u00e9taillant de produits en cuir de grande qualit\u00e9.<br \/>\n<b> Probl\u00e8me : <\/b> Le propri\u00e9taire souhaitait effectuer une planification successorale et donner des parts de l\u2019entreprise \u00e0 des employ\u00e9s cl\u00e9s.<br \/>\n<b> Solution : <\/b> Ex\u00e9cution d\u2019une quantit\u00e9 importante de travail juridique et fiscal pour r\u00e9duire les frais de quatre grands cabinets comptables et avocats externes. D\u00e9veloppement de plusieurs strat\u00e9gies d\u2019\u00e9conomies fiscales incluant une restructuration de l\u2019entreprise.<\/p><\/div>[\/vc_column][\/vc_row][vc_row row_type=\u00a0\u00bbrow\u00a0\u00bb use_row_as_full_screen_section=\u00a0\u00bbno\u00a0\u00bb type=\u00a0\u00bbgrid\u00a0\u00bb parallax_content_width=\u00a0\u00bbin_grid\u00a0\u00bb angled_section=\u00a0\u00bbno\u00a0\u00bb angled_section_position=\u00a0\u00bbboth\u00a0\u00bb angled_section_direction=\u00a0\u00bbfrom_left_to_right\u00a0\u00bb text_align=\u00a0\u00bbleft\u00a0\u00bb background_image_as_pattern=\u00a0\u00bbwithout_pattern\u00a0\u00bb row_negative_margin=\u00a0\u00bb\u00a0\u00bb full_width=\u00a0\u00bb\u00a0\u00bb css=\u00a0\u00bb.vc_custom_1440248188473{padding-top: 30px !important;padding-bottom: 50px !important;}\u00a0\u00bb][vc_column width=\u00a0\u00bb1\/1&Prime;][vc_column_text]<\/p>\n<h1>SP\u00c9CIALISATIONS<\/h1>\n<hr style=\"height: 2px; background-color: #39566d; width: 30%; display: inline-block;\" \/>\n<p>[\/vc_column_text][vc_column_text]<\/p>\n<p>Bien que nous \u0153uvrions dans plusieurs industries, Dover a d\u00e9velopp\u00e9 une expertise particuli\u00e8re dans les champs suivants\u00a0:<\/p>\n<p>[\/vc_column_text][vc_column_text css=\u00a0\u00bb.vc_custom_1459814352097{padding-left: 30px !important;}\u00a0\u00bb]<\/p>\n<ul>\n<li>Industrie h\u00f4teli\u00e8re et d\u00e9tail<\/li>\n<li>Environnements m\u00e9caniques : cha\u00eenes de production et industrie automobile<\/li>\n<li>Construction, propri\u00e9t\u00e9 et mat\u00e9riaux de construction<\/li>\n<li>Sous-traitance militaire<\/li>\n<li>Industrie mini\u00e8re<\/li>\n<li>TI : d\u00e9veloppement Saas et logiciels<\/li>\n<li>Entreprises en d\u00e9marrage<\/li>\n<\/ul>\n<p>[\/vc_column_text][\/vc_column][\/vc_row]<\/p>\n<\/div>","protected":false},"excerpt":{"rendered":"<p>[vc_row row_type=\u00a0\u00bbrow\u00a0\u00bb use_row_as_full_screen_section=\u00a0\u00bbno\u00a0\u00bb type=\u00a0\u00bbgrid\u00a0\u00bb parallax_content_width=\u00a0\u00bbin_grid\u00a0\u00bb angled_section=\u00a0\u00bbno\u00a0\u00bb angled_section_position=\u00a0\u00bbboth\u00a0\u00bb angled_section_direction=\u00a0\u00bbfrom_left_to_right\u00a0\u00bb text_align=\u00a0\u00bbleft\u00a0\u00bb background_image_as_pattern=\u00a0\u00bbwithout_pattern\u00a0\u00bb row_negative_margin=\u00a0\u00bb\u00a0\u00bb full_width=\u00a0\u00bb\u00a0\u00bb css=\u00a0\u00bb.vc_custom_1440248104006{margin-top: 130px !important;padding-top: 30px !important;}\u00a0\u00bb][vc_column width=\u00a0\u00bb1\/1&Prime;][vc_column_text] PARCOURS PROFESSIONNEL [\/vc_column_text][\/vc_column][\/vc_row][vc_row row_type=\u00a0\u00bbrow\u00a0\u00bb use_row_as_full_screen_section=\u00a0\u00bbno\u00a0\u00bb type=\u00a0\u00bbgrid\u00a0\u00bb parallax_content_width=\u00a0\u00bbin_grid\u00a0\u00bb angled_section=\u00a0\u00bbno\u00a0\u00bb angled_section_position=\u00a0\u00bbboth\u00a0\u00bb angled_section_direction=\u00a0\u00bbfrom_left_to_right\u00a0\u00bb text_align=\u00a0\u00bbleft\u00a0\u00bb background_image_as_pattern=\u00a0\u00bbwithout_pattern\u00a0\u00bb row_negative_margin=\u00a0\u00bb\u00a0\u00bb css=\u00a0\u00bb.vc_custom_1437666775368{padding-top: 0px !important;padding-bottom: 40px !important;}\u00a0\u00bb][vc_column width=\u00a0\u00bb1\/4&Prime;][vc_single_image image=\u00a0\u00bb16346&Prime; alignment=\u00a0\u00bbcenter\u00a0\u00bb style=\u00a0\u00bbvc_box_shadow_border\u00a0\u00bb border_color=\u00a0\u00bbgrey\u00a0\u00bb img_link_large=\u00a0\u00bb\u00a0\u00bb img_link_target=\u00a0\u00bb_self\u00a0\u00bb img_size=\u00a0\u00bbfull\u00a0\u00bb][vc_column_text] Greg&#8230;<\/p>\n","protected":false},"author":3,"featured_media":0,"parent":0,"menu_order":0,"comment_status":"open","ping_status":"closed","template":"full_width.php","meta":{"footnotes":""},"class_list":["post-16397","page","type-page","status-publish","hentry"],"_links":{"self":[{"href":"https:\/\/cfo.doverforensics.ca\/fr\/wp-json\/wp\/v2\/pages\/16397","targetHints":{"allow":["GET"]}}],"collection":[{"href":"https:\/\/cfo.doverforensics.ca\/fr\/wp-json\/wp\/v2\/pages"}],"about":[{"href":"https:\/\/cfo.doverforensics.ca\/fr\/wp-json\/wp\/v2\/types\/page"}],"author":[{"embeddable":true,"href":"https:\/\/cfo.doverforensics.ca\/fr\/wp-json\/wp\/v2\/users\/3"}],"replies":[{"embeddable":true,"href":"https:\/\/cfo.doverforensics.ca\/fr\/wp-json\/wp\/v2\/comments?post=16397"}],"version-history":[{"count":5,"href":"https:\/\/cfo.doverforensics.ca\/fr\/wp-json\/wp\/v2\/pages\/16397\/revisions"}],"predecessor-version":[{"id":16569,"href":"https:\/\/cfo.doverforensics.ca\/fr\/wp-json\/wp\/v2\/pages\/16397\/revisions\/16569"}],"wp:attachment":[{"href":"https:\/\/cfo.doverforensics.ca\/fr\/wp-json\/wp\/v2\/media?parent=16397"}],"curies":[{"name":"wp","href":"https:\/\/api.w.org\/{rel}","templated":true}]}}