{"id":16392,"date":"2014-03-25T08:51:22","date_gmt":"2014-03-25T08:51:22","guid":{"rendered":"http:\/\/cfo.doverforensics.ca\/fr\/practice-areas\/"},"modified":"2016-04-05T00:23:35","modified_gmt":"2016-04-05T00:23:35","slug":"ce-que-nous-faisons","status":"publish","type":"page","link":"https:\/\/cfo.doverforensics.ca\/fr\/ce-que-nous-faisons\/","title":{"rendered":"CE QUE NOUS FAISONS"},"content":{"rendered":"<div class=\"wpb-content-wrapper\"><p>[vc_row row_type=\u00a0\u00bbrow\u00a0\u00bb type=\u00a0\u00bbgrid\u00a0\u00bb text_align=\u00a0\u00bbleft\u00a0\u00bb padding_top=\u00a0\u00bb73&Prime; background_color=\u00a0\u00bb#ffffff\u00a0\u00bb padding_bottom=\u00a0\u00bb15&Prime; use_row_as_full_screen_section=\u00a0\u00bbno\u00a0\u00bb parallax_content_width=\u00a0\u00bbin_grid\u00a0\u00bb angled_section=\u00a0\u00bbno\u00a0\u00bb angled_section_position=\u00a0\u00bbboth\u00a0\u00bb angled_section_direction=\u00a0\u00bbfrom_left_to_right\u00a0\u00bb background_image_as_pattern=\u00a0\u00bbwithout_pattern\u00a0\u00bb row_negative_margin=\u00a0\u00bb\u00a0\u00bb anchor=\u00a0\u00bbstartups\u00a0\u00bb][vc_column width=\u00a0\u00bb1\/1&Prime;][vc_column_text]<\/p>\n<h2 style=\"text-align: center; color: #4a638d;\">ENTREPRISES EN D\u00c9MARRAGE<\/h2>\n<p>[\/vc_column_text][vc_column_text]<\/p>\n<p style=\"text-align: center;\">Les entreprises en d\u00e9marrage sont les entreprises les plus menac\u00e9es d\u2019un point de vue financier. Projets \u00e0 temps partiel ou \u00e0 temps d\u00e9termin\u00e9 pour aider les entrepreneurs \u00e0 :<\/p>\n<p>[\/vc_column_text][vc_separator type=\u00a0\u00bbsmall\u00a0\u00bb position=\u00a0\u00bbcenter\u00a0\u00bb width_in_percentages=\u00a0\u00bb\u00a0\u00bb up=\u00a0\u00bb10&Prime; down=\u00a0\u00bb15&Prime;][\/vc_column][\/vc_row][vc_row row_type=\u00a0\u00bbrow\u00a0\u00bb type=\u00a0\u00bbgrid\u00a0\u00bb text_align=\u00a0\u00bbleft\u00a0\u00bb background_color=\u00a0\u00bb#ffffff\u00a0\u00bb padding_bottom=\u00a0\u00bb30&Prime; css=\u00a0\u00bb.vc_custom_1454433880835{padding-bottom: 0px !important;}\u00a0\u00bb use_row_as_full_screen_section=\u00a0\u00bbno\u00a0\u00bb parallax_content_width=\u00a0\u00bbin_grid\u00a0\u00bb angled_section=\u00a0\u00bbno\u00a0\u00bb angled_section_position=\u00a0\u00bbboth\u00a0\u00bb angled_section_direction=\u00a0\u00bbfrom_left_to_right\u00a0\u00bb background_image_as_pattern=\u00a0\u00bbwithout_pattern\u00a0\u00bb row_negative_margin=\u00a0\u00bb\u00a0\u00bb][vc_column width=\u00a0\u00bb1\/2&Prime; css=\u00a0\u00bb.vc_custom_1440242184502{padding-top: 0px !important;}\u00a0\u00bb][vc_single_image image=\u00a0\u00bb16550&Prime; border_color=\u00a0\u00bbgrey\u00a0\u00bb img_link_large=\u00a0\u00bb\u00a0\u00bb img_link_target=\u00a0\u00bb_self\u00a0\u00bb img_size=\u00a0\u00bblarge\u00a0\u00bb][\/vc_column][vc_column width=\u00a0\u00bb1\/2&Prime; el_class=\u00a0\u00bblili-startups\u00a0\u00bb]<div class=\"q_icon_list\"><i class=\"fa fa-arrow-right pull-left circle \" style=\"\"><\/i><p style=\"\">Mettre en place un syst\u00e8me de comptabilit\u00e9 <\/p><\/div><div class=\"q_icon_list\"><i class=\"fa fa-arrow-right pull-left circle \" style=\"\"><\/i><p style=\"\">Jouer un r\u00f4le de conseiller aupr\u00e8s du PDG <\/p><\/div><div class=\"q_icon_list\"><i class=\"fa fa-arrow-right pull-left circle \" style=\"\"><\/i><p style=\"\">Am\u00e9liorer les liquidit\u00e9s : gestion des liquidit\u00e9s et pr\u00e9vision<\/p><\/div><div class=\"q_icon_list\"><i class=\"fa fa-arrow-right pull-left circle \" style=\"\"><\/i><p style=\"\">\u00c9tablir des relations bancaires<\/p><\/div><div class=\"q_icon_list\"><i class=\"fa fa-arrow-right pull-left circle \" style=\"\"><\/i><p style=\"\">Cr\u00e9er des plans d\u2019affaires et une aide au financement<\/p><\/div><div class=\"q_icon_list\"><i class=\"fa fa-arrow-right pull-left circle \" style=\"\"><\/i><p style=\"\">Getting staff to understand basic concepts: margins, fixed vs variable costs, return on investment.<\/p><\/div><div class=\"q_icon_list\"><i class=\"fa fa-arrow-right pull-left circle \" style=\"\"><\/i><p style=\"\">Aider le personnel \u00e0 comprendre les concepts de base : marges, frais fixes c. variables, retour sur l\u2019investissement.<\/p><\/div><div class=\"q_icon_list\"><i class=\"fa fa-arrow-right pull-left circle \" style=\"\"><\/i><p style=\"\">Travailler sur la strat\u00e9gie commerciale <\/p><\/div><div class=\"q_icon_list\"><i class=\"fa fa-arrow-right pull-left circle \" style=\"\"><\/i><p style=\"\">Assainir les \u00e9tats financiers<\/p><\/div><div class=\"q_icon_list\"><i class=\"fa fa-arrow-right pull-left circle \" style=\"\"><\/i><p style=\"\">Trouver des avantages fiscaux<\/p><\/div>[vc_separator type=\u00a0\u00bbtransparent\u00a0\u00bb position=\u00a0\u00bbcenter\u00a0\u00bb color=\u00a0\u00bb\u00a0\u00bb transparency=\u00a0\u00bb\u00a0\u00bb thickness=\u00a0\u00bb\u00a0\u00bb width=\u00a0\u00bb\u00a0\u00bb width_in_percentages=\u00a0\u00bb\u00a0\u00bb up=\u00a0\u00bb60&Prime; down=\u00a0\u00bb0&Prime;][\/vc_column][\/vc_row][vc_row row_type=\u00a0\u00bbrow\u00a0\u00bb use_row_as_full_screen_section=\u00a0\u00bbno\u00a0\u00bb type=\u00a0\u00bbfull_width\u00a0\u00bb parallax_content_width=\u00a0\u00bbin_grid\u00a0\u00bb angled_section=\u00a0\u00bbno\u00a0\u00bb angled_section_position=\u00a0\u00bbboth\u00a0\u00bb angled_section_direction=\u00a0\u00bbfrom_left_to_right\u00a0\u00bb text_align=\u00a0\u00bbleft\u00a0\u00bb background_image_as_pattern=\u00a0\u00bbwithout_pattern\u00a0\u00bb row_negative_margin=\u00a0\u00bb\u00a0\u00bb css=\u00a0\u00bb.vc_custom_1454434068015{margin-bottom: 0px !important;padding-top: 30px !important;padding-right: 130px !important;padding-bottom: 0px !important;padding-left: 130px !important;background-color: #f7f7f7 !important;}\u00a0\u00bb anchor=\u00a0\u00bbsmallcompanies\u00a0\u00bb][vc_column width=\u00a0\u00bb1\/1&Prime;][vc_column_text]<\/p>\n<h2 style=\"text-align: center; color: #4a638d;\">PETITES ENTREPRISES<\/h2>\n<p>[\/vc_column_text][vc_separator type=\u00a0\u00bbsmall\u00a0\u00bb position=\u00a0\u00bbcenter\u00a0\u00bb width_in_percentages=\u00a0\u00bb\u00a0\u00bb up=\u00a0\u00bb10&Prime; down=\u00a0\u00bb15&Prime;][\/vc_column][\/vc_row][vc_row row_type=\u00a0\u00bbrow\u00a0\u00bb use_row_as_full_screen_section=\u00a0\u00bbno\u00a0\u00bb type=\u00a0\u00bbfull_width\u00a0\u00bb parallax_content_width=\u00a0\u00bbin_grid\u00a0\u00bb anchor=\u00a0\u00bblegal\u00a0\u00bb angled_section=\u00a0\u00bbno\u00a0\u00bb angled_section_position=\u00a0\u00bbboth\u00a0\u00bb angled_section_direction=\u00a0\u00bbfrom_left_to_right\u00a0\u00bb text_align=\u00a0\u00bbleft\u00a0\u00bb background_image_as_pattern=\u00a0\u00bbwithout_pattern\u00a0\u00bb row_negative_margin=\u00a0\u00bb\u00a0\u00bb css=\u00a0\u00bb.vc_custom_1454433939521{padding-top: 0px !important;padding-right: 130px !important;padding-bottom: 30px !important;padding-left: 130px !important;background-color: #f7f7f7 !important;}\u00a0\u00bb][vc_column width=\u00a0\u00bb1\/2&Prime;][vc_single_image image=\u00a0\u00bb16510&Prime; border_color=\u00a0\u00bbgrey\u00a0\u00bb img_link_large=\u00a0\u00bb\u00a0\u00bb img_link_target=\u00a0\u00bb_self\u00a0\u00bb img_size=\u00a0\u00bblarge\u00a0\u00bb css=\u00a0\u00bb.vc_custom_1455131143811{border-top-width: 5px !important;border-right-width: 5px !important;border-bottom-width: 5px !important;border-left-width: 5px !important;border-left-color: #efefef !important;border-left-style: solid !important;border-right-color: #efefef !important;border-right-style: solid !important;border-top-color: #efefef !important;border-top-style: solid !important;border-bottom-color: #efefef !important;border-bottom-style: solid !important;}\u00a0\u00bb][\/vc_column][vc_column width=\u00a0\u00bb1\/2&Prime; css=\u00a0\u00bb.vc_custom_1455214181930{background-color: #efefef !important;}\u00a0\u00bb]<div class='service_table_holder' style='border-style:solid;border-width:2px;border-color:#eaeaea;'><ul class='service_table_inner'><li class='service_table_title_holder background_color_type' style='background-color: #e0e8f5;'><div class='service_table_title_inner'><div class='service_table_title_inner2'><h5 class='service_title' style='color: #4a638d;'>D\u00e9veloppement de la fonction financi\u00e8re :<\/h5><\/div><\/div><\/li><li class='service_table_content' style='background-color: #efefef;'><br \/>\n<\/li><\/ul><\/div>[vc_separator type=\u00a0\u00bbtransparent\u00a0\u00bb position=\u00a0\u00bbcenter\u00a0\u00bb width_in_percentages=\u00a0\u00bb\u00a0\u00bb up=\u00a0\u00bb10&Prime;]<div class=\"q_icon_list\"><i class=\"fa fa-arrow-right pull-left circle \" style=\"\"><\/i><p style=\"\">Transition vers un syst\u00e8me de comptabilit\u00e9 plus sophistiqu\u00e9 <\/p><\/div><div class=\"q_icon_list\"><i class=\"fa fa-arrow-right pull-left circle \" style=\"\"><\/i><p style=\"\">Maximisation des profits : \u00e9tablissement de principaux indicateurs de performance et rapports mensuels de gestion <\/p><\/div><div class=\"q_icon_list\"><i class=\"fa fa-arrow-right pull-left circle \" style=\"\"><\/i><p style=\"\">D\u00e9veloppement de budgets pour aider chaque d\u00e9partement \u00e0 travailler de mani\u00e8re plus autonome<\/p><\/div><div class=\"q_icon_list\"><i class=\"fa fa-arrow-right pull-left circle \" style=\"\"><\/i><p style=\"\">Resserrement des contr\u00f4les : contr\u00f4les des achats et paiements, documentation juridique, d\u00e9veloppement des syst\u00e8mes d\u2019approbation<\/p><\/div>[vc_accordion collapsible=\u00a0\u00bbyes\u00a0\u00bb style=\u00a0\u00bbaccordion\u00a0\u00bb el_class=\u00a0\u00bbaccordion-continuation\u00a0\u00bb active_tab=\u00a0\u00bbfalse\u00a0\u00bb][vc_accordion_tab title=\u00a0\u00bbRead More\u00a0\u00bb]<div class=\"q_icon_list\"><i class=\"fa fa-arrow-right pull-left circle \" style=\"\"><\/i><p style=\"\">D\u00e9couverte de cr\u00e9dits de RSDE remboursables et de subventions gouvernementales<\/p><\/div><div class=\"q_icon_list\"><i class=\"fa fa-arrow-right pull-left circle \" style=\"\"><\/i><p style=\"\">S\u00e9curisation de votre propri\u00e9t\u00e9 intellectuelle (brevets, etc.)<\/p><\/div><div class=\"q_icon_list\"><i class=\"fa fa-arrow-right pull-left circle \" style=\"\"><\/i><p style=\"\">Planification fiscale, structuration ou r\u00e9organisation d\u2019entreprise<\/p><\/div><div class=\"q_icon_list\"><i class=\"fa fa-arrow-right pull-left circle \" style=\"\"><\/i><p style=\"\">Financement : d\u00e9veloppement et r\u00e9vision de plans d\u2019affaires, listes de condition, n\u00e9gociation avec les investisseurs<\/p><\/div><div class=\"q_icon_list\"><i class=\"fa fa-arrow-right pull-left circle \" style=\"\"><\/i><p style=\"\">R\u00e9daction et r\u00e9vision de plusieurs formes de documents juridiques<\/p><\/div><div class=\"q_icon_list\"><i class=\"fa fa-arrow-right pull-left circle \" style=\"\"><\/i><p style=\"\">Am\u00e9lioration des liquidit\u00e9s : gestion des liquidit\u00e9s et pr\u00e9vision<\/p><\/div><div class=\"q_icon_list\"><i class=\"fa fa-arrow-right pull-left circle \" style=\"\"><\/i><p style=\"\">Accompagnement de votre \u00e9quipe de gestion pour mieux comprendre les marges et les finances op\u00e9rationnelles<\/p><\/div><div class=\"q_icon_list\"><i class=\"fa fa-arrow-right pull-left circle \" style=\"\"><\/i><p style=\"\">Accent sur l\u2019efficacit\u00e9<\/p><\/div><div class=\"q_icon_list\"><i class=\"fa fa-arrow-right pull-left circle \" style=\"\"><\/i><p style=\"\">Aide \u00e0 la transition vers un directeur financier \u00e0 temps plein<\/p><\/div>[\/vc_accordion_tab][\/vc_accordion][\/vc_column][\/vc_row][vc_row row_type=\u00a0\u00bbrow\u00a0\u00bb use_row_as_full_screen_section=\u00a0\u00bbno\u00a0\u00bb type=\u00a0\u00bbgrid\u00a0\u00bb parallax_content_width=\u00a0\u00bbin_grid\u00a0\u00bb angled_section=\u00a0\u00bbno\u00a0\u00bb angled_section_position=\u00a0\u00bbboth\u00a0\u00bb angled_section_direction=\u00a0\u00bbfrom_left_to_right\u00a0\u00bb text_align=\u00a0\u00bbleft\u00a0\u00bb background_image_as_pattern=\u00a0\u00bbwithout_pattern\u00a0\u00bb row_negative_margin=\u00a0\u00bb\u00a0\u00bb css=\u00a0\u00bb.vc_custom_1459815810125{background-color: #ffffff !important;}\u00a0\u00bb padding_top=\u00a0\u00bb30&Prime; el_id=\u00a0\u00bbinsurance\u00a0\u00bb anchor=\u00a0\u00bbmidcompanies\u00a0\u00bb][vc_column width=\u00a0\u00bb1\/1&Prime;][vc_column_text]<\/p>\n<h2 style=\"text-align: center; color: #4a638d;\">MOYENNES ENTREPRISES<\/h2>\n<p>[\/vc_column_text][vc_column_text]<\/p>\n<div class=\"wpb_text_column wpb_content_element \">\n<div class=\"wpb_wrapper\">\n<p style=\"text-align: center;\">Il est temps de se perfectionner, de r\u00e9gler les questions laiss\u00e9es en suspens et de s\u2019attaquer aux projets sp\u00e9ciaux\u00a0:<\/p>\n<\/div>\n<\/div>\n<p>[\/vc_column_text][vc_separator type=\u00a0\u00bbsmall\u00a0\u00bb position=\u00a0\u00bbcenter\u00a0\u00bb color=\u00a0\u00bb\u00a0\u00bb transparency=\u00a0\u00bb\u00a0\u00bb thickness=\u00a0\u00bb\u00a0\u00bb width=\u00a0\u00bb\u00a0\u00bb width_in_percentages=\u00a0\u00bb\u00a0\u00bb up=\u00a0\u00bb10&Prime; down=\u00a0\u00bb15&Prime;][\/vc_column][\/vc_row][vc_row row_type=\u00a0\u00bbrow\u00a0\u00bb use_row_as_full_screen_section=\u00a0\u00bbno\u00a0\u00bb type=\u00a0\u00bbgrid\u00a0\u00bb parallax_content_width=\u00a0\u00bbin_grid\u00a0\u00bb angled_section=\u00a0\u00bbno\u00a0\u00bb angled_section_position=\u00a0\u00bbboth\u00a0\u00bb angled_section_direction=\u00a0\u00bbfrom_left_to_right\u00a0\u00bb text_align=\u00a0\u00bbleft\u00a0\u00bb background_image_as_pattern=\u00a0\u00bbwithout_pattern\u00a0\u00bb background_color=\u00a0\u00bb#ffffff\u00a0\u00bb row_negative_margin=\u00a0\u00bb\u00a0\u00bb padding_bottom=\u00a0\u00bb60&Prime;][vc_column width=\u00a0\u00bb1\/3&Prime; css=\u00a0\u00bb.vc_custom_1440242184502{padding-top: 0px !important;}\u00a0\u00bb][vc_single_image image=\u00a0\u00bb16522&Prime; border_color=\u00a0\u00bbgrey\u00a0\u00bb img_link_large=\u00a0\u00bb\u00a0\u00bb img_link_target=\u00a0\u00bb_self\u00a0\u00bb img_size=\u00a0\u00bblarge\u00a0\u00bb css=\u00a0\u00bb.vc_custom_1455726503538{padding-top: 0px !important;}\u00a0\u00bb alignment=\u00a0\u00bbcenter\u00a0\u00bb][\/vc_column][vc_column width=\u00a0\u00bb1\/3&Prime;]<div class=\"q_icon_list\"><i class=\"fa fa-arrow-right pull-left circle \" style=\"\"><\/i><p style=\"\">D\u00e9veloppement d\u2019une intelligence et d\u2019une strat\u00e9gie commerciale \u00e0 long terme <\/p><\/div><div class=\"q_icon_list\"><i class=\"fa fa-arrow-right pull-left circle \" style=\"\"><\/i><p style=\"\">Gestion de projets<\/p><\/div><div class=\"q_icon_list\"><i class=\"fa fa-arrow-right pull-left circle \" style=\"\"><\/i><p style=\"\">Modelage et analyse financi\u00e8re <\/p><\/div><div class=\"q_icon_list\"><i class=\"fa fa-arrow-right pull-left circle \" style=\"\"><\/i><p style=\"\">Ex\u00e9cution de la diligence raisonnable<\/p><\/div><div class=\"q_icon_list\"><i class=\"fa fa-arrow-right pull-left circle \" style=\"\"><\/i><p style=\"\">R\u00e9duction des co\u00fbts et sous-traitance<\/p><\/div>[\/vc_column][vc_column width=\u00a0\u00bb1\/3&Prime;]<div class=\"q_icon_list\"><i class=\"fa fa-arrow-right pull-left circle \" style=\"\"><\/i><p style=\"\">\u00c9tudes de faisabilit\u00e9 <\/p><\/div><div class=\"q_icon_list\"><i class=\"fa fa-arrow-right pull-left circle \" style=\"\"><\/i><p style=\"\">Juricomptabilit\u00e9 et investigation <\/p><\/div><div class=\"q_icon_list\"><i class=\"fa fa-arrow-right pull-left circle \" style=\"\"><\/i><p style=\"\">Organe de r\u00e9flexion pour le PDG et la haute direction<\/p><\/div><div class=\"q_icon_list\"><i class=\"fa fa-arrow-right pull-left circle \" style=\"\"><\/i><p style=\"\">Planification successorale et fiducies <\/p><\/div><div class=\"q_icon_list\"><i class=\"fa fa-arrow-right pull-left circle \" style=\"\"><\/i><p style=\"\">R\u00e9duction du travail de v\u00e9rification pour les comptables externes<\/p><\/div><div class=\"q_icon_list\"><i class=\"fa fa-arrow-right pull-left circle \" style=\"\"><\/i><p style=\"\">\u00c9valuation de votre entreprise<\/p><\/div>[\/vc_column][\/vc_row]<\/p>\n<\/div>","protected":false},"excerpt":{"rendered":"<p>[vc_row row_type=\u00a0\u00bbrow\u00a0\u00bb type=\u00a0\u00bbgrid\u00a0\u00bb text_align=\u00a0\u00bbleft\u00a0\u00bb padding_top=\u00a0\u00bb73&Prime; background_color=\u00a0\u00bb#ffffff\u00a0\u00bb padding_bottom=\u00a0\u00bb15&Prime; use_row_as_full_screen_section=\u00a0\u00bbno\u00a0\u00bb parallax_content_width=\u00a0\u00bbin_grid\u00a0\u00bb angled_section=\u00a0\u00bbno\u00a0\u00bb angled_section_position=\u00a0\u00bbboth\u00a0\u00bb angled_section_direction=\u00a0\u00bbfrom_left_to_right\u00a0\u00bb background_image_as_pattern=\u00a0\u00bbwithout_pattern\u00a0\u00bb row_negative_margin=\u00a0\u00bb\u00a0\u00bb anchor=\u00a0\u00bbstartups\u00a0\u00bb][vc_column width=\u00a0\u00bb1\/1&Prime;][vc_column_text] ENTREPRISES EN D\u00c9MARRAGE [\/vc_column_text][vc_column_text] Les entreprises en d\u00e9marrage sont les entreprises les plus menac\u00e9es d\u2019un point de vue financier. Projets \u00e0 temps partiel ou \u00e0 temps d\u00e9termin\u00e9 pour aider&#8230;<\/p>\n","protected":false},"author":3,"featured_media":0,"parent":0,"menu_order":0,"comment_status":"open","ping_status":"open","template":"full_width.php","meta":{"footnotes":""},"class_list":["post-16392","page","type-page","status-publish","hentry"],"_links":{"self":[{"href":"https:\/\/cfo.doverforensics.ca\/fr\/wp-json\/wp\/v2\/pages\/16392","targetHints":{"allow":["GET"]}}],"collection":[{"href":"https:\/\/cfo.doverforensics.ca\/fr\/wp-json\/wp\/v2\/pages"}],"about":[{"href":"https:\/\/cfo.doverforensics.ca\/fr\/wp-json\/wp\/v2\/types\/page"}],"author":[{"embeddable":true,"href":"https:\/\/cfo.doverforensics.ca\/fr\/wp-json\/wp\/v2\/users\/3"}],"replies":[{"embeddable":true,"href":"https:\/\/cfo.doverforensics.ca\/fr\/wp-json\/wp\/v2\/comments?post=16392"}],"version-history":[{"count":5,"href":"https:\/\/cfo.doverforensics.ca\/fr\/wp-json\/wp\/v2\/pages\/16392\/revisions"}],"predecessor-version":[{"id":16574,"href":"https:\/\/cfo.doverforensics.ca\/fr\/wp-json\/wp\/v2\/pages\/16392\/revisions\/16574"}],"wp:attachment":[{"href":"https:\/\/cfo.doverforensics.ca\/fr\/wp-json\/wp\/v2\/media?parent=16392"}],"curies":[{"name":"wp","href":"https:\/\/api.w.org\/{rel}","templated":true}]}}