{"id":16191,"date":"2014-04-30T15:47:48","date_gmt":"2014-04-30T15:47:48","guid":{"rendered":"http:\/\/doverfa2.webgraphity.com\/fr\/?page_id=16191"},"modified":"2016-04-05T00:03:12","modified_gmt":"2016-04-05T00:03:12","slug":"home","status":"publish","type":"page","link":"https:\/\/cfo.doverforensics.ca\/fr\/home\/","title":{"rendered":"Home"},"content":{"rendered":"<div class=\"wpb-content-wrapper\"><p>[vc_row row_type=\u00a0\u00bbrow\u00a0\u00bb use_row_as_full_screen_section=\u00a0\u00bbno\u00a0\u00bb type=\u00a0\u00bbfull_width\u00a0\u00bb header_style=\u00a0\u00bb\u00a0\u00bb parallax_content_width=\u00a0\u00bbin_grid\u00a0\u00bb anchor=\u00a0\u00bb\u00a0\u00bb in_content_menu=\u00a0\u00bb\u00a0\u00bb content_menu_title=\u00a0\u00bb\u00a0\u00bb content_menu_icon=\u00a0\u00bb\u00a0\u00bb angled_section=\u00a0\u00bbno\u00a0\u00bb angled_section_position=\u00a0\u00bbboth\u00a0\u00bb angled_section_direction=\u00a0\u00bbfrom_left_to_right\u00a0\u00bb text_align=\u00a0\u00bbleft\u00a0\u00bb video=\u00a0\u00bb\u00a0\u00bb video_overlay=\u00a0\u00bb\u00a0\u00bb video_overlay_image=\u00a0\u00bb\u00a0\u00bb video_webm=\u00a0\u00bb\u00a0\u00bb video_mp4=\u00a0\u00bb\u00a0\u00bb video_ogv=\u00a0\u00bb\u00a0\u00bb video_image=\u00a0\u00bb\u00a0\u00bb background_image=\u00a0\u00bb\u00a0\u00bb background_image_as_pattern=\u00a0\u00bbwithout_pattern\u00a0\u00bb section_height=\u00a0\u00bb\u00a0\u00bb parallax_speed=\u00a0\u00bb\u00a0\u00bb background_color=\u00a0\u00bb\u00a0\u00bb border_color=\u00a0\u00bb\u00a0\u00bb row_negative_margin=\u00a0\u00bb\u00a0\u00bb side_padding=\u00a0\u00bb\u00a0\u00bb parallax_side_padding=\u00a0\u00bb\u00a0\u00bb padding_top=\u00a0\u00bb\u00a0\u00bb padding_bottom=\u00a0\u00bb\u00a0\u00bb color=\u00a0\u00bb\u00a0\u00bb hover_color=\u00a0\u00bb\u00a0\u00bb more_button_label=\u00a0\u00bb\u00a0\u00bb less_button_label=\u00a0\u00bb\u00a0\u00bb button_position=\u00a0\u00bb\u00a0\u00bb css_animation=\u00a0\u00bb\u00a0\u00bb transition_delay=\u00a0\u00bb\u00a0\u00bb][vc_column width=\u00a0\u00bb1\/1&Prime;]<div class=\"call_to_action normal\" style=\"background-color: #ededed;\"><div class=\"container_inner\"><div class=\"two_columns_75_25 clearfix\"><div class=\"text_wrapper column1\"><div class=\"call_to_action_text\" style=\"\"><\/p>\n<ul>\n<li><span style=\"color: #353435; font-size: 18px;\">Vous \u00eates pr\u00e9occup\u00e9 par la sant\u00e9 financi\u00e8re de votre entreprise?<\/span><\/li>\n<li><span style=\"color: #353435; font-size: 18px;\">Vous recherchez l\u2019expertise d\u2019un directeur financier, mais n\u2019\u00eates pas certain de pouvoir vous le permettre?<\/span><\/li>\n<li><span style=\"color: #353435; font-size: 18px;\">Votre entreprise se trouve dans une zone financi\u00e8re agit\u00e9e et lutte pour demeurer rentable?<\/span><\/li>\n<\/ul>\n<p><\/div><\/div><div class=\"button_wrapper column2\"><a href=\"http:\/\/cfo.doverforensics.ca\/contact\/\" class=\"qbutton white \" target=\"\" style=\"\">Contact Us<\/a><\/div><\/div><\/div><\/div>[\/vc_column][\/vc_row][vc_row row_type=\u00a0\u00bbrow\u00a0\u00bb type=\u00a0\u00bbgrid\u00a0\u00bb text_align=\u00a0\u00bbleft\u00a0\u00bb padding_top=\u00a0\u00bb73&Prime; padding_bottom=\u00a0\u00bb0&Prime; anchor=\u00a0\u00bbportfolio\u00a0\u00bb content_menu_title=\u00a0\u00bbPortfolio List\u00a0\u00bb content_menu_icon=\u00a0\u00bbfa-list\u00a0\u00bb background_color=\u00a0\u00bb#ffffff\u00a0\u00bb border_color=\u00a0\u00bb#eeeeee\u00a0\u00bb][vc_column width=\u00a0\u00bb1\/1&Prime;][vc_column_text]<\/p>\n<h2 style=\"text-align: center;\">DOVER CFO CONSULTING<\/h2>\n<p>[\/vc_column_text][vc_separator type=\u00a0\u00bbsmall\u00a0\u00bb position=\u00a0\u00bbcenter\u00a0\u00bb down=\u00a0\u00bb20&Prime; up=\u00a0\u00bb20&Prime; color=\u00a0\u00bb#818181&Prime;][vc_column_text]<\/p>\n<p style=\"text-align: center;\">Part-Time and Project-Based CFO Roles<\/p>\n<p>[\/vc_column_text][vc_separator type=\u00a0\u00bbtransparent\u00a0\u00bb position=\u00a0\u00bbcenter\u00a0\u00bb up=\u00a0\u00bb45&Prime; down=\u00a0\u00bb18&Prime;][vc_row_inner css=\u00a0\u00bb.vc_custom_1436557113508{margin-top: 20px !important;margin-right: 20px !important;margin-bottom: 20px !important;margin-left: 20px !important;}\u00a0\u00bb row_type=\u00a0\u00bbrow\u00a0\u00bb use_as_box=\u00a0\u00bb\u00a0\u00bb type=\u00a0\u00bbfull_width\u00a0\u00bb text_align=\u00a0\u00bbleft\u00a0\u00bb row_negative_margin=\u00a0\u00bb\u00a0\u00bb][vc_column_inner width=\u00a0\u00bb1\/3&Prime;][vc_single_image image=\u00a0\u00bb16511&Prime; border_color=\u00a0\u00bbgrey\u00a0\u00bb img_link_target=\u00a0\u00bb_self\u00a0\u00bb img_size=\u00a0\u00bbmedium\u00a0\u00bb img_link_large=\u00a0\u00bb\u00a0\u00bb][vc_separator type=\u00a0\u00bbtransparent\u00a0\u00bb position=\u00a0\u00bbcenter\u00a0\u00bb up=\u00a0\u00bb25&Prime; down=\u00a0\u00bb0&Prime;][vc_column_text]<\/p>\n<h5>ENTREPRISES EN D\u00c9MARRAGE<\/h5>\n<p>[\/vc_column_text][vc_separator type=\u00a0\u00bbtransparent\u00a0\u00bb position=\u00a0\u00bbcenter\u00a0\u00bb up=\u00a0\u00bb6&Prime; down=\u00a0\u00bb0&Prime;][vc_column_text]<\/p>\n<p>Vous \u00eates pr\u00e9occup\u00e9 par la sant\u00e9 financi\u00e8re de votre entreprise<\/p>\n<p>[\/vc_column_text][vc_separator type=\u00a0\u00bbtransparent\u00a0\u00bb position=\u00a0\u00bbcenter\u00a0\u00bb width_in_percentages=\u00a0\u00bb\u00a0\u00bb up=\u00a0\u00bb15&Prime; down=\u00a0\u00bb0&Prime;]<a  href=\"http:\/\/cfo.doverforensics.ca\/what-we-do\/#startups\" target=\"_self\" data-hover-background-color=#e5e5e5 data-hover-color=#7a7a7a class=\"qbutton \" style=\"color: #34516a; border-color: #34516a; border-radius: 5px;-moz-border-radius: 5px;-webkit-border-radius: 5px; background-color: #ffffff;\">EN SAVOIR PLUS <\/a>[vc_separator type=\u00a0\u00bbtransparent\u00a0\u00bb position=\u00a0\u00bbcenter\u00a0\u00bb up=\u00a0\u00bb76&Prime; down=\u00a0\u00bb0&Prime;][\/vc_column_inner][vc_column_inner width=\u00a0\u00bb1\/3&Prime;][vc_single_image image=\u00a0\u00bb16539&Prime; border_color=\u00a0\u00bbgrey\u00a0\u00bb img_link_target=\u00a0\u00bb_self\u00a0\u00bb img_size=\u00a0\u00bbmedium\u00a0\u00bb img_link_large=\u00a0\u00bb\u00a0\u00bb][vc_separator type=\u00a0\u00bbtransparent\u00a0\u00bb position=\u00a0\u00bbcenter\u00a0\u00bb up=\u00a0\u00bb25&Prime; down=\u00a0\u00bb0&Prime;][vc_column_text]<\/p>\n<h5>PETITES ENTREPRISES<\/h5>\n<p>[\/vc_column_text][vc_separator type=\u00a0\u00bbtransparent\u00a0\u00bb position=\u00a0\u00bbcenter\u00a0\u00bb up=\u00a0\u00bb6&Prime; down=\u00a0\u00bb0&Prime;][vc_column_text]<\/p>\n<p>Vous souhaitez quitter votre entreprise et ne savez pas comment vous y pr\u00e9parer?<\/p>\n<p>[\/vc_column_text][vc_separator type=\u00a0\u00bbtransparent\u00a0\u00bb position=\u00a0\u00bbcenter\u00a0\u00bb width_in_percentages=\u00a0\u00bb\u00a0\u00bb up=\u00a0\u00bb15&Prime; down=\u00a0\u00bb0&Prime;]<a  href=\"http:\/\/cfo.doverforensics.ca\/what-we-do\/#smallcompanies\" target=\"_self\" data-hover-background-color=#e5e5e5 data-hover-color=#7a7a7a class=\"qbutton \" style=\"color: #34516a; border-color: #34516a; border-radius: 5px;-moz-border-radius: 5px;-webkit-border-radius: 5px; background-color: #ffffff;\">EN SAVOIR PLUS <\/a>[vc_separator type=\u00a0\u00bbtransparent\u00a0\u00bb position=\u00a0\u00bbcenter\u00a0\u00bb up=\u00a0\u00bb76&Prime; down=\u00a0\u00bb0&Prime;][\/vc_column_inner][vc_column_inner width=\u00a0\u00bb1\/3&Prime;][vc_single_image image=\u00a0\u00bb16542&Prime; border_color=\u00a0\u00bbgrey\u00a0\u00bb img_link_target=\u00a0\u00bb_self\u00a0\u00bb img_size=\u00a0\u00bbmedium\u00a0\u00bb img_link_large=\u00a0\u00bb\u00a0\u00bb][vc_separator type=\u00a0\u00bbtransparent\u00a0\u00bb position=\u00a0\u00bbcenter\u00a0\u00bb up=\u00a0\u00bb25&Prime; down=\u00a0\u00bb0&Prime;][vc_column_text]<\/p>\n<h5>MOYENNES ENTREPRISES<\/h5>\n<p>[\/vc_column_text][vc_separator type=\u00a0\u00bbtransparent\u00a0\u00bb position=\u00a0\u00bbcenter\u00a0\u00bb up=\u00a0\u00bb6&Prime; down=\u00a0\u00bb0&Prime;][vc_column_text]<\/p>\n<p>Votre entreprise se positionne-t-elle en vue d\u2019une fusion ou d\u2019une acquisition?<\/p>\n<p>[\/vc_column_text][vc_separator type=\u00a0\u00bbtransparent\u00a0\u00bb position=\u00a0\u00bbcenter\u00a0\u00bb width_in_percentages=\u00a0\u00bb\u00a0\u00bb up=\u00a0\u00bb15&Prime; down=\u00a0\u00bb0&Prime;]<a  href=\"http:\/\/cfo.doverforensics.ca\/what-we-do\/#midcompanies\" target=\"_self\" data-hover-background-color=#e5e5e5 data-hover-color=#7a7a7a class=\"qbutton \" style=\"color: #34516a; border-color: #34516a; border-radius: 5px;-moz-border-radius: 5px;-webkit-border-radius: 5px; background-color: #ffffff;\">EN SAVOIR PLUS <\/a>[vc_separator type=\u00a0\u00bbtransparent\u00a0\u00bb position=\u00a0\u00bbcenter\u00a0\u00bb up=\u00a0\u00bb76&Prime; down=\u00a0\u00bb0&Prime;][\/vc_column_inner][\/vc_row_inner][\/vc_column][\/vc_row]<\/p>\n<\/div>","protected":false},"excerpt":{"rendered":"<p>[vc_row row_type=\u00a0\u00bbrow\u00a0\u00bb use_row_as_full_screen_section=\u00a0\u00bbno\u00a0\u00bb type=\u00a0\u00bbfull_width\u00a0\u00bb header_style=\u00a0\u00bb\u00a0\u00bb parallax_content_width=\u00a0\u00bbin_grid\u00a0\u00bb anchor=\u00a0\u00bb\u00a0\u00bb in_content_menu=\u00a0\u00bb\u00a0\u00bb content_menu_title=\u00a0\u00bb\u00a0\u00bb content_menu_icon=\u00a0\u00bb\u00a0\u00bb angled_section=\u00a0\u00bbno\u00a0\u00bb angled_section_position=\u00a0\u00bbboth\u00a0\u00bb angled_section_direction=\u00a0\u00bbfrom_left_to_right\u00a0\u00bb text_align=\u00a0\u00bbleft\u00a0\u00bb video=\u00a0\u00bb\u00a0\u00bb video_overlay=\u00a0\u00bb\u00a0\u00bb video_overlay_image=\u00a0\u00bb\u00a0\u00bb video_webm=\u00a0\u00bb\u00a0\u00bb video_mp4=\u00a0\u00bb\u00a0\u00bb video_ogv=\u00a0\u00bb\u00a0\u00bb video_image=\u00a0\u00bb\u00a0\u00bb background_image=\u00a0\u00bb\u00a0\u00bb background_image_as_pattern=\u00a0\u00bbwithout_pattern\u00a0\u00bb section_height=\u00a0\u00bb\u00a0\u00bb parallax_speed=\u00a0\u00bb\u00a0\u00bb background_color=\u00a0\u00bb\u00a0\u00bb border_color=\u00a0\u00bb\u00a0\u00bb row_negative_margin=\u00a0\u00bb\u00a0\u00bb side_padding=\u00a0\u00bb\u00a0\u00bb parallax_side_padding=\u00a0\u00bb\u00a0\u00bb padding_top=\u00a0\u00bb\u00a0\u00bb padding_bottom=\u00a0\u00bb\u00a0\u00bb color=\u00a0\u00bb\u00a0\u00bb hover_color=\u00a0\u00bb\u00a0\u00bb more_button_label=\u00a0\u00bb\u00a0\u00bb less_button_label=\u00a0\u00bb\u00a0\u00bb button_position=\u00a0\u00bb\u00a0\u00bb css_animation=\u00a0\u00bb\u00a0\u00bb transition_delay=\u00a0\u00bb\u00a0\u00bb][vc_column width=\u00a0\u00bb1\/1&Prime;][\/vc_column][\/vc_row][vc_row row_type=\u00a0\u00bbrow\u00a0\u00bb type=\u00a0\u00bbgrid\u00a0\u00bb text_align=\u00a0\u00bbleft\u00a0\u00bb padding_top=\u00a0\u00bb73&Prime; padding_bottom=\u00a0\u00bb0&Prime;&#8230;<\/p>\n","protected":false},"author":3,"featured_media":0,"parent":0,"menu_order":0,"comment_status":"open","ping_status":"open","template":"","meta":{"footnotes":""},"class_list":["post-16191","page","type-page","status-publish","hentry"],"_links":{"self":[{"href":"https:\/\/cfo.doverforensics.ca\/fr\/wp-json\/wp\/v2\/pages\/16191","targetHints":{"allow":["GET"]}}],"collection":[{"href":"https:\/\/cfo.doverforensics.ca\/fr\/wp-json\/wp\/v2\/pages"}],"about":[{"href":"https:\/\/cfo.doverforensics.ca\/fr\/wp-json\/wp\/v2\/types\/page"}],"author":[{"embeddable":true,"href":"https:\/\/cfo.doverforensics.ca\/fr\/wp-json\/wp\/v2\/users\/3"}],"replies":[{"embeddable":true,"href":"https:\/\/cfo.doverforensics.ca\/fr\/wp-json\/wp\/v2\/comments?post=16191"}],"version-history":[{"count":5,"href":"https:\/\/cfo.doverforensics.ca\/fr\/wp-json\/wp\/v2\/pages\/16191\/revisions"}],"predecessor-version":[{"id":16563,"href":"https:\/\/cfo.doverforensics.ca\/fr\/wp-json\/wp\/v2\/pages\/16191\/revisions\/16563"}],"wp:attachment":[{"href":"https:\/\/cfo.doverforensics.ca\/fr\/wp-json\/wp\/v2\/media?parent=16191"}],"curies":[{"name":"wp","href":"https:\/\/api.w.org\/{rel}","templated":true}]}}